{"id":121,"date":"2017-03-20T15:30:36","date_gmt":"2017-03-20T13:30:36","guid":{"rendered":"http:\/\/ateslergroup.com\/site\/?page_id=121"},"modified":"2024-12-24T02:42:11","modified_gmt":"2024-12-23T23:42:11","slug":"iletisim","status":"publish","type":"page","link":"https:\/\/ateslergroup.com\/site\/iletisim\/","title":{"rendered":"\u0130leti\u015fim"},"content":{"rendered":"<p><iframe loading=\"lazy\" style=\"border: 0;\" tabindex=\"0\" src=\"https:\/\/www.google.com\/maps\/embed?pb=!1m18!1m12!1m3!1d3008.723332654485!2d39.224688315415385!3d41.05317897929629!2m3!1f0!2f0!3f0!3m2!1i1024!2i768!4f13.1!3m3!1m2!1s0x0%3A0xfa758ce7f28e01e!2sAte%C5%9Fler%20Grup%20Orman%20%C3%9Cr%C3%BCnleri%20San.%20Tic.%20Ltd.%20%C5%9Eti!5e0!3m2!1str!2str!4v1604421406127!5m2!1str!2str\" width=\"100%\" height=\"280\" frameborder=\"0\" allowfullscreen=\"allowfullscreen\" aria-hidden=\"false\"><\/iframe><\/p>\n<p><strong><img loading=\"lazy\" decoding=\"async\" class=\"alignright wp-image-221\" src=\"http:\/\/ateslergroup.com\/site\/wp-content\/uploads\/kare_logo.png\" alt=\"\" width=\"167\" height=\"167\" \/><\/strong><b><\/b><\/p>\n<p>Bizimle ileti\u015fime kurmak i\u00e7in a\u015fa\u011f\u0131daki se\u00e7enekler \u00fczerinden bize ula\u015fabilirsiniz. Dilerseniz online ileti\u015fim formunu kullanarak da bize mesaj g\u00f6nderebilirsiniz. Soru, \u00f6neri ve \u015fikayetleriniz i\u00e7in bizimle ileti\u015fim kurabilir, \u00fcr\u00fcnlerimiz ve sipari\u015fleriniz hakk\u0131nda detayl\u0131 bilgi alabilirsiniz.<\/p>\n<p class=\"x_MsoNormal\"><b>Sosyal Medya: <\/b><a href=\"https:\/\/www.instagram.com\/ateslergrupormanurunleri\/\" target=\"_blank\" rel=\"noopener\">Ate\u015fler Grup Instagram<\/a> | <a href=\"https:\/\/www.facebook.com\/groups\/ateslergrupormanurunleri\" target=\"_blank\" rel=\"noopener\">Ate\u015fler Grup Facebook<\/a><\/p>\n<hr \/>\n<p class=\"x_MsoNormal\"><b>Telefon: <\/b><a href=\"tel:904628715545\">0 462 871 55 45<\/a><\/p>\n<p class=\"x_MsoNormal\"><b>Cep Telefon: <\/b><a href=\"tel:905322840676\">0 532 284 06 76<\/a><\/p>\n<p class=\"x_MsoNormal\"><b>WhatsApp Destek: <\/b><a href=\"tel:905322840676\">0 532 284 06 76<\/a><\/p>\n<p class=\"x_MsoNormal\"><b>E-mail: <\/b><a href=\"mailto:info@ateslergroup.com\">info@ateslergroup.com<\/a><\/p>\n<p><b>Merkez:<\/b> Fatih Mh. Osman Dilek Cd. No: 20\/C Be\u015fikd\u00fcz\u00fc \/ TRABZON 61800<\/p>\n<hr \/>\n<p class=\"x_MsoNormal\"><b>Yap\u0131 Market \u00c7a\u011fr\u0131 ve Sipari\u015f Hatt\u0131:<\/b> <a href=\"tel:904628715494\">0 462 871 54 94<\/a><\/p>\n<p><b>Yap\u0131 Market:<\/b> Fatih Mah. Osman Dilek Cad. No: 22\/A Be\u015fikd\u00fcz\u00fc \/ TRABZON 61800<\/p>\n<hr \/>\n<p class=\"x_MsoNormal\"><b>Fabrika:<\/b> Seyit Ahmet Mh. Organize Sanayi B\u00f6lgesi 1 Nolu Cd. No:10 61800 Be\u015fikd\u00fcz\u00fc \u2013 Trabzon<\/p>\n<hr \/>\n<div class=\"wpforms-container wpforms-container-full\" id=\"wpforms-1142\"><form id=\"wpforms-form-1142\" class=\"wpforms-validate wpforms-form\" data-formid=\"1142\" method=\"post\" enctype=\"multipart\/form-data\" action=\"\/site\/wp-json\/wp\/v2\/pages\/121\"><div class=\"wpforms-field-container\"><div id=\"wpforms-1142-field_0-container\" class=\"wpforms-field wpforms-field-name\" data-field-id=\"0\"><label class=\"wpforms-field-label\" for=\"wpforms-1142-field_0\">Ad\u0131 Soyad\u0131 <span class=\"wpforms-required-label\">*<\/span><\/label><input type=\"text\" id=\"wpforms-1142-field_0\" class=\"wpforms-field-medium wpforms-field-required\" name=\"wpforms[fields][0]\" required><\/div><div id=\"wpforms-1142-field_3-container\" class=\"wpforms-field wpforms-field-phone\" data-field-id=\"3\"><label class=\"wpforms-field-label\" for=\"wpforms-1142-field_3\">Telefon <span class=\"wpforms-required-label\">*<\/span><\/label><input type=\"tel\" id=\"wpforms-1142-field_3\" class=\"wpforms-field-medium wpforms-field-required wpforms-masked-input\" data-inputmask=\"&#039;mask&#039;: &#039;(999) 999-9999&#039;\" name=\"wpforms[fields][3]\" required><\/div><div id=\"wpforms-1142-field_1-container\" class=\"wpforms-field wpforms-field-email\" data-field-id=\"1\"><label class=\"wpforms-field-label\" for=\"wpforms-1142-field_1\">E-mail <span class=\"wpforms-required-label\">*<\/span><\/label><input type=\"email\" id=\"wpforms-1142-field_1\" class=\"wpforms-field-medium wpforms-field-required\" name=\"wpforms[fields][1]\" required><\/div><div id=\"wpforms-1142-field_4-container\" class=\"wpforms-field wpforms-field-text\" data-field-id=\"4\"><label class=\"wpforms-field-label\" for=\"wpforms-1142-field_4\">Konu<\/label><input type=\"text\" id=\"wpforms-1142-field_4\" class=\"wpforms-field-medium\" name=\"wpforms[fields][4]\" ><\/div><div id=\"wpforms-1142-field_2-container\" class=\"wpforms-field wpforms-field-textarea\" data-field-id=\"2\"><label class=\"wpforms-field-label\" for=\"wpforms-1142-field_2\">Mesaj\u0131n\u0131z <span class=\"wpforms-required-label\">*<\/span><\/label><textarea id=\"wpforms-1142-field_2\" class=\"wpforms-field-medium wpforms-field-required\" name=\"wpforms[fields][2]\" required><\/textarea><\/div><\/div><div class=\"wpforms-field wpforms-field-hp\"><label for=\"wpforms-field_hp\" class=\"wpforms-field-label\">Email<\/label><input type=\"text\" name=\"wpforms[hp]\" id=\"wpforms-field_hp\" class=\"wpforms-field-medium\"><\/div><div class=\"wpforms-recaptcha-container\" ><div class=\"g-recaptcha\" data-sitekey=\"6LdeMa0ZAAAAAAmV6YXXLkvs-pCPYIyyz7o6B2Q9\"><\/div><input type=\"text\" name=\"g-recaptcha-hidden\" class=\"wpforms-recaptcha-hidden\" style=\"position:absolute!important;clip:rect(0,0,0,0)!important;height:1px!important;width:1px!important;border:0!important;overflow:hidden!important;padding:0!important;margin:0!important;\" required><\/div><div class=\"wpforms-submit-container\" ><input type=\"hidden\" name=\"wpforms[id]\" value=\"1142\"><input type=\"hidden\" name=\"wpforms[author]\" value=\"1\"><button type=\"submit\" name=\"wpforms[submit]\" class=\"wpforms-submit \" id=\"wpforms-submit-1142\" value=\"wpforms-submit\" data-alt-text=\"G\u00f6nderiliyor...\">Kaydet<\/button><\/div><\/form><\/div>\n<p>&nbsp;<\/p>\n","protected":false},"excerpt":{"rendered":"<p>Bizimle ileti\u015fime kurmak i\u00e7in a\u015fa\u011f\u0131daki se\u00e7enekler \u00fczerinden bize ula\u015fabilirsiniz. Dilerseniz online ileti\u015fim formunu kullanarak da bize mesaj g\u00f6nderebilirsiniz. Soru, \u00f6neri ve \u015fikayetleriniz i\u00e7in bizimle ileti\u015fim kurabilir, \u00fcr\u00fcnlerimiz ve sipari\u015fleriniz hakk\u0131nda detayl\u0131 bilgi alabilirsiniz. Sosyal Medya: Ate\u015fler Grup Instagram | Ate\u015fler Grup Facebook Telefon: 0 462 871 55 45 Cep Telefon: 0 532 284 06 76 [&hellip;]<\/p>\n","protected":false},"author":1,"featured_media":0,"parent":0,"menu_order":0,"comment_status":"closed","ping_status":"closed","template":"","meta":{"footnotes":""},"class_list":["post-121","page","type-page","status-publish","hentry"],"_links":{"self":[{"href":"https:\/\/ateslergroup.com\/site\/wp-json\/wp\/v2\/pages\/121","targetHints":{"allow":["GET"]}}],"collection":[{"href":"https:\/\/ateslergroup.com\/site\/wp-json\/wp\/v2\/pages"}],"about":[{"href":"https:\/\/ateslergroup.com\/site\/wp-json\/wp\/v2\/types\/page"}],"author":[{"embeddable":true,"href":"https:\/\/ateslergroup.com\/site\/wp-json\/wp\/v2\/users\/1"}],"replies":[{"embeddable":true,"href":"https:\/\/ateslergroup.com\/site\/wp-json\/wp\/v2\/comments?post=121"}],"version-history":[{"count":25,"href":"https:\/\/ateslergroup.com\/site\/wp-json\/wp\/v2\/pages\/121\/revisions"}],"predecessor-version":[{"id":1155,"href":"https:\/\/ateslergroup.com\/site\/wp-json\/wp\/v2\/pages\/121\/revisions\/1155"}],"wp:attachment":[{"href":"https:\/\/ateslergroup.com\/site\/wp-json\/wp\/v2\/media?parent=121"}],"curies":[{"name":"wp","href":"https:\/\/api.w.org\/{rel}","templated":true}]}}