{"id":202,"date":"2017-04-07T14:05:15","date_gmt":"2017-04-07T11:05:15","guid":{"rendered":"http:\/\/ateslergroup.com\/site\/?page_id=202"},"modified":"2018-07-14T10:07:46","modified_gmt":"2018-07-14T07:07:46","slug":"kereste","status":"publish","type":"page","link":"https:\/\/ateslergroup.com\/site\/kereste\/","title":{"rendered":"Kereste"},"content":{"rendered":"<p><img loading=\"lazy\" decoding=\"async\" class=\"aligncenter wp-image-764 size-full\" src=\"http:\/\/ateslergroup.com\/site\/wp-content\/uploads\/kereste-2.jpg\" alt=\"\" width=\"1000\" height=\"300\" srcset=\"https:\/\/ateslergroup.com\/site\/wp-content\/uploads\/kereste-2.jpg 1000w, https:\/\/ateslergroup.com\/site\/wp-content\/uploads\/kereste-2-550x165.jpg 550w, https:\/\/ateslergroup.com\/site\/wp-content\/uploads\/kereste-2-768x230.jpg 768w, https:\/\/ateslergroup.com\/site\/wp-content\/uploads\/kereste-2-640x192.jpg 640w\" sizes=\"auto, (max-width: 1000px) 100vw, 1000px\" \/><\/p>\n<p class=\"x_MsoNormal\"><b><u>\u00c7at\u0131l\u0131k Ve Kal\u0131pl\u0131k Kereste:<\/u><\/b><u><\/u><\/p>\n<p class=\"x_MsoNormal\">5&#215;10 \u2013 10&#215;10 \u2013 5&#215;5 \u2013 3&#215;5 ve \u0130stenilen \u00d6l\u00e7\u00fclerde Kereste Bi\u00e7imi<\/p>\n<p class=\"x_MsoNormal\">Tomruk Kereste<\/p>\n<p class=\"x_MsoNormal\"><b><u>Mam\u00fcl Kereste:<\/u><\/b><u><\/u><\/p>\n<p class=\"x_MsoNormal\">\u0130stenilen Miktarda F\u0131r\u0131nl\u0131 Ve F\u0131r\u0131ns\u0131z Mam\u00fcl Kereste<\/p>\n<p class=\"x_MsoNormal\">Lambri Ve D\u00f6\u015feme Tahtas\u0131<\/p>\n<p class=\"x_MsoNormal\">Al\u0131n Tahtas\u0131<\/p>\n<hr \/>\n\n\t\t<style type=\"text\/css\">\n\t\t\t#gallery-1 {\n\t\t\t\tmargin: auto;\n\t\t\t}\n\t\t\t#gallery-1 .gallery-item {\n\t\t\t\tfloat: left;\n\t\t\t\tmargin-top: 10px;\n\t\t\t\ttext-align: center;\n\t\t\t\twidth: 16%;\n\t\t\t}\n\t\t\t#gallery-1 img {\n\t\t\t\tborder: 2px solid #cfcfcf;\n\t\t\t}\n\t\t\t#gallery-1 .gallery-caption {\n\t\t\t\tmargin-left: 0;\n\t\t\t}\n\t\t\t\/* see gallery_shortcode() in wp-includes\/media.php *\/\n\t\t<\/style>\n\t\t<div id='gallery-1' class='gallery galleryid-202 gallery-columns-6 gallery-size-thumbnail'><dl class='gallery-item'>\n\t\t\t<dt class='gallery-icon landscape'>\n\t\t\t\t<a href='https:\/\/ateslergroup.com\/site\/wp-content\/uploads\/21.jpg'><img loading=\"lazy\" decoding=\"async\" width=\"128\" height=\"96\" src=\"https:\/\/ateslergroup.com\/site\/wp-content\/uploads\/21.jpg\" class=\"attachment-thumbnail size-thumbnail\" alt=\"\" srcset=\"https:\/\/ateslergroup.com\/site\/wp-content\/uploads\/21.jpg 480w, https:\/\/ateslergroup.com\/site\/wp-content\/uploads\/21-300x225.jpg 300w\" sizes=\"auto, (max-width: 128px) 100vw, 128px\" \/><\/a>\n\t\t\t<\/dt><\/dl><dl class='gallery-item'>\n\t\t\t<dt class='gallery-icon landscape'>\n\t\t\t\t<a href='https:\/\/ateslergroup.com\/site\/wp-content\/uploads\/34668026.jpg'><img loading=\"lazy\" decoding=\"async\" width=\"128\" height=\"77\" src=\"https:\/\/ateslergroup.com\/site\/wp-content\/uploads\/34668026.jpg\" class=\"attachment-thumbnail size-thumbnail\" alt=\"\" srcset=\"https:\/\/ateslergroup.com\/site\/wp-content\/uploads\/34668026.jpg 800w, https:\/\/ateslergroup.com\/site\/wp-content\/uploads\/34668026-550x329.jpg 550w, https:\/\/ateslergroup.com\/site\/wp-content\/uploads\/34668026-768x460.jpg 768w, https:\/\/ateslergroup.com\/site\/wp-content\/uploads\/34668026-300x180.jpg 300w\" sizes=\"auto, (max-width: 128px) 100vw, 128px\" \/><\/a>\n\t\t\t<\/dt><\/dl><dl class='gallery-item'>\n\t\t\t<dt class='gallery-icon landscape'>\n\t\t\t\t<a href='https:\/\/ateslergroup.com\/site\/wp-content\/uploads\/indir.jpg'><img loading=\"lazy\" decoding=\"async\" width=\"128\" height=\"96\" src=\"https:\/\/ateslergroup.com\/site\/wp-content\/uploads\/indir.jpg\" class=\"attachment-thumbnail size-thumbnail\" alt=\"\" \/><\/a>\n\t\t\t<\/dt><\/dl><dl class='gallery-item'>\n\t\t\t<dt class='gallery-icon landscape'>\n\t\t\t\t<a href='https:\/\/ateslergroup.com\/site\/wp-content\/uploads\/insaatlik-kereste-12.jpg'><img loading=\"lazy\" decoding=\"async\" width=\"128\" height=\"79\" src=\"https:\/\/ateslergroup.com\/site\/wp-content\/uploads\/insaatlik-kereste-12.jpg\" class=\"attachment-thumbnail size-thumbnail\" alt=\"\" srcset=\"https:\/\/ateslergroup.com\/site\/wp-content\/uploads\/insaatlik-kereste-12.jpg 525w, https:\/\/ateslergroup.com\/site\/wp-content\/uploads\/insaatlik-kereste-12-300x185.jpg 300w\" sizes=\"auto, (max-width: 128px) 100vw, 128px\" \/><\/a>\n\t\t\t<\/dt><\/dl><dl class='gallery-item'>\n\t\t\t<dt class='gallery-icon landscape'>\n\t\t\t\t<a href='https:\/\/ateslergroup.com\/site\/wp-content\/uploads\/insaatlik-kereste-13.jpg'><img loading=\"lazy\" decoding=\"async\" width=\"128\" height=\"96\" src=\"https:\/\/ateslergroup.com\/site\/wp-content\/uploads\/insaatlik-kereste-13.jpg\" class=\"attachment-thumbnail size-thumbnail\" alt=\"\" srcset=\"https:\/\/ateslergroup.com\/site\/wp-content\/uploads\/insaatlik-kereste-13.jpg 600w, https:\/\/ateslergroup.com\/site\/wp-content\/uploads\/insaatlik-kereste-13-550x413.jpg 550w, https:\/\/ateslergroup.com\/site\/wp-content\/uploads\/insaatlik-kereste-13-300x225.jpg 300w\" sizes=\"auto, (max-width: 128px) 100vw, 128px\" \/><\/a>\n\t\t\t<\/dt><\/dl><dl class='gallery-item'>\n\t\t\t<dt class='gallery-icon landscape'>\n\t\t\t\t<a href='https:\/\/ateslergroup.com\/site\/wp-content\/uploads\/kereste-1.jpg'><img loading=\"lazy\" decoding=\"async\" width=\"128\" height=\"80\" src=\"https:\/\/ateslergroup.com\/site\/wp-content\/uploads\/kereste-1.jpg\" class=\"attachment-thumbnail size-thumbnail\" alt=\"\" srcset=\"https:\/\/ateslergroup.com\/site\/wp-content\/uploads\/kereste-1.jpg 800w, https:\/\/ateslergroup.com\/site\/wp-content\/uploads\/kereste-1-550x344.jpg 550w, https:\/\/ateslergroup.com\/site\/wp-content\/uploads\/kereste-1-768x480.jpg 768w, https:\/\/ateslergroup.com\/site\/wp-content\/uploads\/kereste-1-300x188.jpg 300w\" sizes=\"auto, (max-width: 128px) 100vw, 128px\" \/><\/a>\n\t\t\t<\/dt><\/dl><br style=\"clear: both\" \/><dl class='gallery-item'>\n\t\t\t<dt class='gallery-icon landscape'>\n\t\t\t\t<a href='https:\/\/ateslergroup.com\/site\/wp-content\/uploads\/kereste.jpg'><img loading=\"lazy\" decoding=\"async\" width=\"128\" height=\"70\" src=\"https:\/\/ateslergroup.com\/site\/wp-content\/uploads\/kereste.jpg\" class=\"attachment-thumbnail size-thumbnail\" alt=\"\" srcset=\"https:\/\/ateslergroup.com\/site\/wp-content\/uploads\/kereste.jpg 850w, https:\/\/ateslergroup.com\/site\/wp-content\/uploads\/kereste-550x302.jpg 550w, https:\/\/ateslergroup.com\/site\/wp-content\/uploads\/kereste-768x421.jpg 768w, https:\/\/ateslergroup.com\/site\/wp-content\/uploads\/kereste-300x164.jpg 300w\" sizes=\"auto, (max-width: 128px) 100vw, 128px\" \/><\/a>\n\t\t\t<\/dt><\/dl><dl class='gallery-item'>\n\t\t\t<dt class='gallery-icon landscape'>\n\t\t\t\t<a href='https:\/\/ateslergroup.com\/site\/wp-content\/uploads\/kereste-sldr-11.jpg'><img loading=\"lazy\" decoding=\"async\" width=\"128\" height=\"57\" src=\"https:\/\/ateslergroup.com\/site\/wp-content\/uploads\/kereste-sldr-11.jpg\" class=\"attachment-thumbnail size-thumbnail\" alt=\"\" srcset=\"https:\/\/ateslergroup.com\/site\/wp-content\/uploads\/kereste-sldr-11.jpg 1350w, https:\/\/ateslergroup.com\/site\/wp-content\/uploads\/kereste-sldr-11-550x244.jpg 550w, https:\/\/ateslergroup.com\/site\/wp-content\/uploads\/kereste-sldr-11-768x341.jpg 768w, https:\/\/ateslergroup.com\/site\/wp-content\/uploads\/kereste-sldr-11-300x133.jpg 300w, https:\/\/ateslergroup.com\/site\/wp-content\/uploads\/kereste-sldr-11-1170x520.jpg 1170w\" sizes=\"auto, (max-width: 128px) 100vw, 128px\" \/><\/a>\n\t\t\t<\/dt><\/dl><dl class='gallery-item'>\n\t\t\t<dt class='gallery-icon landscape'>\n\t\t\t\t<a href='https:\/\/ateslergroup.com\/site\/wp-content\/uploads\/lareks08_1.jpg'><img loading=\"lazy\" decoding=\"async\" width=\"128\" height=\"96\" src=\"https:\/\/ateslergroup.com\/site\/wp-content\/uploads\/lareks08_1.jpg\" class=\"attachment-thumbnail size-thumbnail\" alt=\"\" srcset=\"https:\/\/ateslergroup.com\/site\/wp-content\/uploads\/lareks08_1.jpg 1280w, https:\/\/ateslergroup.com\/site\/wp-content\/uploads\/lareks08_1-550x413.jpg 550w, https:\/\/ateslergroup.com\/site\/wp-content\/uploads\/lareks08_1-768x576.jpg 768w, https:\/\/ateslergroup.com\/site\/wp-content\/uploads\/lareks08_1-300x225.jpg 300w, https:\/\/ateslergroup.com\/site\/wp-content\/uploads\/lareks08_1-1170x878.jpg 1170w\" sizes=\"auto, (max-width: 128px) 100vw, 128px\" \/><\/a>\n\t\t\t<\/dt><\/dl>\n\t\t\t<br style='clear: both' \/>\n\t\t<\/div>\n\n","protected":false},"excerpt":{"rendered":"<p>\u00c7at\u0131l\u0131k Ve Kal\u0131pl\u0131k Kereste: 5&#215;10 \u2013 10&#215;10 \u2013 5&#215;5 \u2013 3&#215;5 ve \u0130stenilen \u00d6l\u00e7\u00fclerde Kereste Bi\u00e7imi Tomruk Kereste Mam\u00fcl Kereste: \u0130stenilen Miktarda F\u0131r\u0131nl\u0131 Ve F\u0131r\u0131ns\u0131z Mam\u00fcl Kereste Lambri Ve D\u00f6\u015feme Tahtas\u0131 Al\u0131n Tahtas\u0131<\/p>\n","protected":false},"author":1,"featured_media":0,"parent":0,"menu_order":0,"comment_status":"closed","ping_status":"closed","template":"","meta":{"footnotes":""},"class_list":["post-202","page","type-page","status-publish","hentry"],"_links":{"self":[{"href":"https:\/\/ateslergroup.com\/site\/wp-json\/wp\/v2\/pages\/202","targetHints":{"allow":["GET"]}}],"collection":[{"href":"https:\/\/ateslergroup.com\/site\/wp-json\/wp\/v2\/pages"}],"about":[{"href":"https:\/\/ateslergroup.com\/site\/wp-json\/wp\/v2\/types\/page"}],"author":[{"embeddable":true,"href":"https:\/\/ateslergroup.com\/site\/wp-json\/wp\/v2\/users\/1"}],"replies":[{"embeddable":true,"href":"https:\/\/ateslergroup.com\/site\/wp-json\/wp\/v2\/comments?post=202"}],"version-history":[{"count":4,"href":"https:\/\/ateslergroup.com\/site\/wp-json\/wp\/v2\/pages\/202\/revisions"}],"predecessor-version":[{"id":765,"href":"https:\/\/ateslergroup.com\/site\/wp-json\/wp\/v2\/pages\/202\/revisions\/765"}],"wp:attachment":[{"href":"https:\/\/ateslergroup.com\/site\/wp-json\/wp\/v2\/media?parent=202"}],"curies":[{"name":"wp","href":"https:\/\/api.w.org\/{rel}","templated":true}]}}