{"id":740,"date":"2018-07-14T09:58:58","date_gmt":"2018-07-14T06:58:58","guid":{"rendered":"http:\/\/ateslergroup.com\/site\/?page_id=740"},"modified":"2018-07-16T18:28:06","modified_gmt":"2018-07-16T15:28:06","slug":"kontraplak","status":"publish","type":"page","link":"https:\/\/ateslergroup.com\/site\/kontraplak\/","title":{"rendered":"Kontraplak"},"content":{"rendered":"<hr \/>\n<p><strong>Deniz Marin Su Kontrpla\u011f\u0131:<\/strong><\/p>\n<p>4 \u2013 6 \u2013 8 \u2013 10 \u2013 12 \u2013 15 \u2013 18 \u2013 20 \u2013 22 \u2013 24 MM Kal\u0131nl\u0131klar\u0131nda<\/p>\n<hr \/>\n<p><strong>Kavak Kontrpla\u011f\u0131:<\/strong><\/p>\n<p>12 MM Kal\u0131nl\u0131\u011f\u0131nda<\/p>\n<hr \/>\n\n\t\t<style type=\"text\/css\">\n\t\t\t#gallery-1 {\n\t\t\t\tmargin: auto;\n\t\t\t}\n\t\t\t#gallery-1 .gallery-item {\n\t\t\t\tfloat: left;\n\t\t\t\tmargin-top: 10px;\n\t\t\t\ttext-align: center;\n\t\t\t\twidth: 25%;\n\t\t\t}\n\t\t\t#gallery-1 img {\n\t\t\t\tborder: 2px solid #cfcfcf;\n\t\t\t}\n\t\t\t#gallery-1 .gallery-caption {\n\t\t\t\tmargin-left: 0;\n\t\t\t}\n\t\t\t\/* see gallery_shortcode() in wp-includes\/media.php *\/\n\t\t<\/style>\n\t\t<div id='gallery-1' class='gallery galleryid-740 gallery-columns-4 gallery-size-thumbnail'><dl class='gallery-item'>\n\t\t\t<dt class='gallery-icon landscape'>\n\t\t\t\t<a href='https:\/\/ateslergroup.com\/site\/wp-content\/uploads\/1.jpg'><img loading=\"lazy\" decoding=\"async\" width=\"128\" height=\"96\" src=\"https:\/\/ateslergroup.com\/site\/wp-content\/uploads\/1.jpg\" class=\"attachment-thumbnail size-thumbnail\" alt=\"\" srcset=\"https:\/\/ateslergroup.com\/site\/wp-content\/uploads\/1.jpg 509w, https:\/\/ateslergroup.com\/site\/wp-content\/uploads\/1-300x226.jpg 300w\" sizes=\"auto, (max-width: 128px) 100vw, 128px\" \/><\/a>\n\t\t\t<\/dt><\/dl><dl class='gallery-item'>\n\t\t\t<dt class='gallery-icon landscape'>\n\t\t\t\t<a href='https:\/\/ateslergroup.com\/site\/wp-content\/uploads\/2.jpg'><img loading=\"lazy\" decoding=\"async\" width=\"128\" height=\"96\" src=\"https:\/\/ateslergroup.com\/site\/wp-content\/uploads\/2.jpg\" class=\"attachment-thumbnail size-thumbnail\" alt=\"\" srcset=\"https:\/\/ateslergroup.com\/site\/wp-content\/uploads\/2.jpg 509w, https:\/\/ateslergroup.com\/site\/wp-content\/uploads\/2-300x226.jpg 300w\" sizes=\"auto, (max-width: 128px) 100vw, 128px\" \/><\/a>\n\t\t\t<\/dt><\/dl><dl class='gallery-item'>\n\t\t\t<dt class='gallery-icon landscape'>\n\t\t\t\t<a href='https:\/\/ateslergroup.com\/site\/wp-content\/uploads\/3.jpg'><img loading=\"lazy\" decoding=\"async\" width=\"125\" height=\"96\" src=\"https:\/\/ateslergroup.com\/site\/wp-content\/uploads\/3.jpg\" class=\"attachment-thumbnail size-thumbnail\" alt=\"\" srcset=\"https:\/\/ateslergroup.com\/site\/wp-content\/uploads\/3.jpg 407w, https:\/\/ateslergroup.com\/site\/wp-content\/uploads\/3-300x231.jpg 300w\" sizes=\"auto, (max-width: 125px) 100vw, 125px\" \/><\/a>\n\t\t\t<\/dt><\/dl><dl class='gallery-item'>\n\t\t\t<dt class='gallery-icon landscape'>\n\t\t\t\t<a href='https:\/\/ateslergroup.com\/site\/wp-content\/uploads\/4.jpg'><img loading=\"lazy\" decoding=\"async\" width=\"128\" height=\"90\" src=\"https:\/\/ateslergroup.com\/site\/wp-content\/uploads\/4.jpg\" class=\"attachment-thumbnail size-thumbnail\" alt=\"\" srcset=\"https:\/\/ateslergroup.com\/site\/wp-content\/uploads\/4.jpg 506w, https:\/\/ateslergroup.com\/site\/wp-content\/uploads\/4-300x210.jpg 300w\" sizes=\"auto, (max-width: 128px) 100vw, 128px\" \/><\/a>\n\t\t\t<\/dt><\/dl><br style=\"clear: both\" \/>\n\t\t<\/div>\n\n","protected":false},"excerpt":{"rendered":"<p>Deniz Marin Su Kontrpla\u011f\u0131: 4 \u2013 6 \u2013 8 \u2013 10 \u2013 12 \u2013 15 \u2013 18 \u2013 20 \u2013 22 \u2013 24 MM Kal\u0131nl\u0131klar\u0131nda Kavak Kontrpla\u011f\u0131: 12 MM Kal\u0131nl\u0131\u011f\u0131nda<\/p>\n","protected":false},"author":1,"featured_media":0,"parent":0,"menu_order":0,"comment_status":"closed","ping_status":"closed","template":"","meta":{"footnotes":""},"class_list":["post-740","page","type-page","status-publish","hentry"],"_links":{"self":[{"href":"https:\/\/ateslergroup.com\/site\/wp-json\/wp\/v2\/pages\/740","targetHints":{"allow":["GET"]}}],"collection":[{"href":"https:\/\/ateslergroup.com\/site\/wp-json\/wp\/v2\/pages"}],"about":[{"href":"https:\/\/ateslergroup.com\/site\/wp-json\/wp\/v2\/types\/page"}],"author":[{"embeddable":true,"href":"https:\/\/ateslergroup.com\/site\/wp-json\/wp\/v2\/users\/1"}],"replies":[{"embeddable":true,"href":"https:\/\/ateslergroup.com\/site\/wp-json\/wp\/v2\/comments?post=740"}],"version-history":[{"count":4,"href":"https:\/\/ateslergroup.com\/site\/wp-json\/wp\/v2\/pages\/740\/revisions"}],"predecessor-version":[{"id":789,"href":"https:\/\/ateslergroup.com\/site\/wp-json\/wp\/v2\/pages\/740\/revisions\/789"}],"wp:attachment":[{"href":"https:\/\/ateslergroup.com\/site\/wp-json\/wp\/v2\/media?parent=740"}],"curies":[{"name":"wp","href":"https:\/\/api.w.org\/{rel}","templated":true}]}}